{"id":6752,"date":"2023-05-09T10:15:45","date_gmt":"2023-05-09T07:15:45","guid":{"rendered":"http:\/\/galataperform.com\/main-home\/"},"modified":"2026-04-08T22:32:59","modified_gmt":"2026-04-08T19:32:59","slug":"main-home","status":"publish","type":"page","link":"http:\/\/galataperform.com\/en\/","title":{"rendered":"Home"},"content":{"rendered":"\t\t<div data-elementor-type=\"wp-page\" data-elementor-id=\"6752\" class=\"elementor elementor-6752 elementor-6541\">\n\t\t\t\t<div class=\"elementor-element elementor-element-7515bd2 e-con-full showondesktop e-flex e-con e-parent\" data-id=\"7515bd2\" data-element_type=\"container\" data-e-type=\"container\">\n\t\t\t\t<div class=\"elementor-element elementor-element-684735f elementor-widget elementor-widget-shortcode\" data-id=\"684735f\" data-element_type=\"widget\" data-e-type=\"widget\" data-widget_type=\"shortcode.default\">\n\t\t\t\t\t\t\t<div class=\"elementor-shortcode\"><\/div>\n\t\t\t\t\t\t<\/div>\n\t\t\t\t<\/div>\n\t\t<div class=\"elementor-element elementor-element-91f2074 e-con-full showonmobile e-flex e-con e-parent\" data-id=\"91f2074\" data-element_type=\"container\" data-e-type=\"container\">\n\t\t\t\t<div class=\"elementor-element elementor-element-b8a7c20 elementor-widget elementor-widget-shortcode\" data-id=\"b8a7c20\" data-element_type=\"widget\" data-e-type=\"widget\" data-widget_type=\"shortcode.default\">\n\t\t\t\t\t\t\t<div class=\"elementor-shortcode\"><\/div>\n\t\t\t\t\t\t<\/div>\n\t\t\t\t<\/div>\n\t\t<div class=\"elementor-element elementor-element-24aee8c e-con-full donotshow e-flex e-con e-parent\" data-id=\"24aee8c\" data-element_type=\"container\" data-e-type=\"container\">\n\t\t\t\t<div class=\"elementor-element elementor-element-e3133e2 elementor-widget elementor-widget-kahlo_core_section_title\" data-id=\"e3133e2\" data-element_type=\"widget\" data-e-type=\"widget\" data-widget_type=\"kahlo_core_section_title.default\">\n\t\t\t\t<div class=\"elementor-widget-container\">\n\t\t\t\t\t<div class=\"qodef-shortcode qodef-m qodef-section-title qodef-alignment--left\">\n\t\t<h2 class=\"qodef-m-title\" >\n\t\t\t\t\tUpcoming Activities\t\t\t<\/h2>\n\t    \n<\/div>\n\t\t\t\t<\/div>\n\t\t\t\t<\/div>\n\t\t\t\t<\/div>\n\t\t<div class=\"elementor-element elementor-element-e80c9bf e-con-full donotshow e-flex e-con e-parent\" data-id=\"e80c9bf\" data-element_type=\"container\" data-e-type=\"container\">\n\t\t<div class=\"elementor-element elementor-element-c551d05 e-con-full e-flex e-con e-child\" data-id=\"c551d05\" data-element_type=\"container\" data-e-type=\"container\">\n\t\t\t\t<div class=\"elementor-element elementor-element-0c41c84 elementor-widget elementor-widget-kahlo_core_events_accordion\" data-id=\"0c41c84\" data-element_type=\"widget\" data-e-type=\"widget\" data-widget_type=\"kahlo_core_events_accordion.default\">\n\t\t\t\t<div class=\"elementor-widget-container\">\n\t\t\t\t\t<div class=\"qodef-shortcode qodef-m qodef-events-accordion clear qodef-layout--simple\">\n\t\t\t\t\t\t\t\t\t<div class=\"qodef-accordion-title\">\n\t\t\t\t\t\t\t\t<div class=\"qodef-e-info\">\n\t\t\t\t\t\t\t\t<span class=\"qodef-e-start-date\">\n\t\t\t24. Jun\t\t<\/span>\n\t\t<span class=\"qodef-e-date-info\">\n\t\t\t\t<span class=\"qodef-e-date qodef-e-start\">\n\t\t\t24. Jun\t\t<\/span>\n\t\t\n\t\t\t\t\t<span class=\"qodef-e-date qodef-e-end\">\n\t\t\t22. Jul. 2026\t\t<\/span>\n\t\t\t<\/span>\n\t\t\t\t\t\t<span class=\"qodef-e-time\">19.30 - 22.00<\/span>\n\t\t\t\t\t\t\t\t\t<\/div>\n\t\t\t\t<h3 class=\"qodef-tab-title\">\n\t\t\t\t\t<span class=\"qodef-tab-title-text\">\n\t\t\t\t\t\t<a itemprop=\"url\" href=\"http:\/\/galataperform.com\/etkinlik\/bilincaltindan-kagida-kagittan-oyuna\/\">\n\t\t\t\t\t\t\tBilin\u00e7alt\u0131ndan Ka\u011f\u0131da, Ka\u011f\u0131ttan Oyuna\t\t\t\t\t\t<\/a>\n\t\t\t\t\t<\/span>\n\t\t\t\t<\/h3>\n\t\t\t\t\t\t\t\t\t<div class=\"qodef-e-media-image\">\n\t\t\t\t\t\t<a itemprop=\"url\" href=\"http:\/\/galataperform.com\/etkinlik\/bilincaltindan-kagida-kagittan-oyuna\/\"\n\t\t\t\t\t\t   target=\"_self\">\n\t\t\t\t\t\t\t<img fetchpriority=\"high\" decoding=\"async\" width=\"800\" height=\"537\" src=\"http:\/\/galataperform.com\/wp-content\/uploads\/2026\/02\/bkko-kapak2.jpg\" class=\"attachment-full size-full\" alt=\"\" srcset=\"http:\/\/galataperform.com\/wp-content\/uploads\/2026\/02\/bkko-kapak2.jpg 800w, http:\/\/galataperform.com\/wp-content\/uploads\/2026\/02\/bkko-kapak2-300x201.jpg 300w, http:\/\/galataperform.com\/wp-content\/uploads\/2026\/02\/bkko-kapak2-768x516.jpg 768w, http:\/\/galataperform.com\/wp-content\/uploads\/2026\/02\/bkko-kapak2-600x403.jpg 600w\" sizes=\"(max-width: 800px) 100vw, 800px\" \/>\t\t\t\t\t\t<\/a>\n\t\t\t\t\t<\/div>\n\t\t\t\t\t\t\t\t<span class=\"qodef-accordion-mark\">\n\t\t\t\t\t<svg xmlns=\"http:\/\/www.w3.org\/2000\/svg\" width=\"119.27\" height=\"59.265\" viewBox=\"0 0 119.27 59.265\"><g><path\n\t\t\t\t\t\t\t\t\td=\"M38.235 59.265H59.9L21.667 0H0Z\"\/><path\n\t\t\t\t\t\t\t\t\td=\"M81.035 59.265H59.368L97.603 0h21.665Z\"\/><path fill=\"none\" stroke=\"currentColor\"\n\t\t\t\t\t                                                                  d=\"M59.299 53.233V.468\"\/><\/g><\/svg>\n\t\t\t\t<\/span>\n\n\t\t\t\t<div class=\"qodef-accordion-content\">\n\t\t\t\t\t<div class=\"qodef-accordion-content-inner\">\n\t\t\t\t\t\t\t<div class=\"qodef-e qodef-info--event-types\">\n\t\t\t\t\t<a itemprop=\"url\" class=\"qodef-e-info-content-link\" href=\"http:\/\/galataperform.com\/etkinlik-tipi\/lab\/\">Lab<\/a>\n\t\t\t\t\t<a itemprop=\"url\" class=\"qodef-e-info-content-link\" href=\"http:\/\/galataperform.com\/etkinlik-tipi\/oyun-yazarligi\/\">Oyun Yazarl\u0131\u011f\u0131<\/a>\n\t\t\t<\/div>\n\t\t\t\t\t\t\t\t<p itemprop=\"description\" class=\"qodef-e-excerpt\">Her derste farkl\u0131 egzersizler ve yarat\u0131c\u0131l\u0131k \u00fczerine pratik \u00e7al\u0131\u015fmalar i\u00e7eren \u00e7evrimi\u00e7i at\u00f6lye, \u00d6zsoy\u2019un otomatik yaz\u0131m, fark\u0131ndal\u0131k, bilin\u00e7 ak\u0131\u015f\u0131 ve Eric Morris oyun<\/p>\n\t\t\t\t\t\t\t<\/div>\n\t\t\t\t<\/div>\n\t\t\t<\/div>\n\t\t\t<div class=\"qodef-accordion-content\">\n\t\t\t\t<div class=\"qodef-accordion-content-inner\">\n\t\t\t\t\t\t<div class=\"qodef-e qodef-info--event-types\">\n\t\t\t\t\t<a itemprop=\"url\" class=\"qodef-e-info-content-link\" href=\"http:\/\/galataperform.com\/etkinlik-tipi\/lab\/\">Lab<\/a>\n\t\t\t\t\t<a itemprop=\"url\" class=\"qodef-e-info-content-link\" href=\"http:\/\/galataperform.com\/etkinlik-tipi\/oyun-yazarligi\/\">Oyun Yazarl\u0131\u011f\u0131<\/a>\n\t\t\t<\/div>\n\t\t\t\t\t\t\t<p itemprop=\"description\" class=\"qodef-e-excerpt\">Her derste farkl\u0131 egzersizler ve yarat\u0131c\u0131l\u0131k \u00fczerine pratik \u00e7al\u0131\u015fmalar i\u00e7eren \u00e7evrimi\u00e7i at\u00f6lye, \u00d6zsoy\u2019un otomatik yaz\u0131m, fark\u0131ndal\u0131k, bilin\u00e7 ak\u0131\u015f\u0131 ve Eric Morris oyun<\/p>\n\t\t\t\t\t\t<\/div>\n\t\t\t<\/div>\n\t\t\t<\/div>\n\t\t\t\t<\/div>\n\t\t\t\t<\/div>\n\t\t\t\t<\/div>\n\t\t\t\t<\/div>\n\t\t<div class=\"elementor-element elementor-element-801cbee donotshow e-flex e-con-boxed e-con e-parent\" data-id=\"801cbee\" data-element_type=\"container\" data-e-type=\"container\">\n\t\t\t\t\t<div class=\"e-con-inner\">\n\t\t\t\t<div class=\"elementor-element elementor-element-7be1e6b elementor-widget elementor-widget-kahlo_core_button\" data-id=\"7be1e6b\" data-element_type=\"widget\" data-e-type=\"widget\" data-widget_type=\"kahlo_core_button.default\">\n\t\t\t\t<div class=\"elementor-widget-container\">\n\t\t\t\t\t<a class=\"qodef-shortcode qodef-m qodef-button qodef-button-font-588 qodef-layout--outlined qodef-show-button-arrow--no qodef-link-only-arrow--no qodef-html--link\" href=\"\/takvim\/\" target=\"_self\" data-hover-background-color=\"#462E87\" >\n\t<span class=\"qodef-m-text\">Calendar<\/span>\n\t<\/a>\n\t\t\t\t<\/div>\n\t\t\t\t<\/div>\n\t\t\t\t\t<\/div>\n\t\t\t\t<\/div>\n\t\t<div class=\"elementor-element elementor-element-adf9f20 e-con-full e-flex e-con e-parent\" data-id=\"adf9f20\" data-element_type=\"container\" data-e-type=\"container\">\n\t\t<div class=\"elementor-element elementor-element-72e292a e-con-full e-flex e-con e-child\" data-id=\"72e292a\" data-element_type=\"container\" data-e-type=\"container\">\n\t\t\t\t<div class=\"elementor-element elementor-element-6e183b6 elementor-widget elementor-widget-kahlo_core_banner\" data-id=\"6e183b6\" data-element_type=\"widget\" data-e-type=\"widget\" data-widget_type=\"kahlo_core_banner.default\">\n\t\t\t\t<div class=\"elementor-widget-container\">\n\t\t\t\t\t<div class=\"qodef-shortcode qodef-m qodef-banner qodef-banner-font-638 qodef-layout--large-button qodef-banner-41-59\">\n\t<div class=\"qodef-m-content\">\n\t\t<div class=\"qodef-m-image\">\n\t<img decoding=\"async\" width=\"1000\" height=\"964\" src=\"http:\/\/galataperform.com\/wp-content\/uploads\/2026\/02\/yuz-yilin-evi-3.jpg\" class=\"attachment-full size-full\" alt=\"Y\u00fcz Y\u0131l\u0131n Evi 3\" srcset=\"http:\/\/galataperform.com\/wp-content\/uploads\/2026\/02\/yuz-yilin-evi-3.jpg 1000w, http:\/\/galataperform.com\/wp-content\/uploads\/2026\/02\/yuz-yilin-evi-3-600x578.jpg 600w, http:\/\/galataperform.com\/wp-content\/uploads\/2026\/02\/yuz-yilin-evi-3-300x289.jpg 300w, http:\/\/galataperform.com\/wp-content\/uploads\/2026\/02\/yuz-yilin-evi-3-768x740.jpg 768w\" sizes=\"(max-width: 1000px) 100vw, 1000px\" \/><\/div>\n\t\t<a itemprop=\"url\" href=\"\/portfolio-dosya\/yuz-yilin-evi\/\" class=\"qodef-m-banner-link\" target=\"_self\"><\/a>\n\n\t\t<div class=\"qodef-m-content-inner\">\n\t\t\t<div class=\"qodef-e-banner-shape\" style=\"color: #1DAA8F\">\n\t<svg class=\"qodef-svg--custom-shape-4\" xmlns=\"http:\/\/www.w3.org\/2000\/svg\" width=\"645\" height=\"318\" viewBox=\"0 0 645 318\" xml:space=\"preserve\"><path d=\"M 39 318 s 0 -269 282 -269 s 282.1 269 282.1 269\"\/><line x1=\"322.5\" y1=\"318\" x2=\"645\"\/><line x1=\"322.5\" x2=\"322.5\" y2=\"318\"\/><\/svg><\/div>\n\t\t\t<div class=\"qodef-m-content-inner-info\">\n\t\t\t\t\t<h2 class=\"qodef-m-title\" style=\"color: #5C2C2C\">\n\t\t\t\t\t<a itemprop=\"url\" href=\"\/portfolio-dosya\/yuz-yilin-evi\/\" target=\"_self\">\n\t\t\t\t\tHOUSE OF HUNDRED\t\t\t\t\t<\/a>\n\t\t\t<\/h2>\n\t\t\t\t\t\t\t\t\t<h4 class=\"qodef-m-text\" style=\"color: #D9D9D9\">\n\t\tBlending reality and fiction through its semi-autobiographical structure, the play takes shape as the stories created by writer, director, and performer Ye\u015fim \u00d6zsoy from her own personal history meet video and music on stage.\t<\/h4>\n\t\t\t<\/div>\n\t\t<\/div>\n\t<\/div>\n\t\t<div class=\"qodef-m-button\">\n\t\t<a class=\"qodef-shortcode qodef-m qodef-button qodef-button-font-369 qodef-layout--textual qodef-show-button-arrow--no qodef-textual-size--huge qodef-link-only-arrow--yes qodef-html--link\" href=\"\/portfolio-dosya\/yuz-yilin-evi\/\" target=\"_self\"  >\t<span class=\"qodef-btn-text\">DETAILS<\/span>\t<span class=\"qodef-btn-arrow\">\t\t<svg class=\"qodef-svg--button-arrow\" xmlns=\"http:\/\/www.w3.org\/2000\/svg\" viewBox=\"0 0 93.23 112.966\"><path fill=\"currentColor\" d=\"M93.23 36.214v20.522L37.098 20.521V0Z\"\/><path fill=\"currentColor\" d=\"M93.23 76.751V56.23L37.098 92.444v20.522Z\"\/><path fill=\"none\" stroke=\"currentColor\" d=\"M87.517 56.165H0\"\/><\/svg>\t<\/span><\/a>\t<\/div>\n<\/div>\n\t\t\t\t<\/div>\n\t\t\t\t<\/div>\n\t\t\t\t<\/div>\n\t\t\t\t<\/div>\n\t\t<div class=\"elementor-element elementor-element-3ee40db e-con-full e-flex e-con e-parent\" data-id=\"3ee40db\" data-element_type=\"container\" data-e-type=\"container\">\n\t\t<div class=\"elementor-element elementor-element-65fdfc2 e-con-full e-flex e-con e-child\" data-id=\"65fdfc2\" data-element_type=\"container\" data-e-type=\"container\">\n\t\t\t\t<div class=\"elementor-element elementor-element-4727ad9 elementor-widget elementor-widget-kahlo_core_section_title\" data-id=\"4727ad9\" data-element_type=\"widget\" data-e-type=\"widget\" data-widget_type=\"kahlo_core_section_title.default\">\n\t\t\t\t<div class=\"elementor-widget-container\">\n\t\t\t\t\t<div class=\"qodef-shortcode qodef-m qodef-section-title qodef-alignment--left\">\n\t\t<h2 class=\"qodef-m-title\" >\n\t\t\t\t\t<a itemprop=\"url\" href=\"http:\/\/galataperform.com\/events\/\" target=\"_self\">\n\t\t\t\t\tDailies\t\t\t\t\t<\/a>\n\t\t\t<\/h2>\n\t    \t<div class=\"qodef-m-button clear\">\n\t\t<a class=\"qodef-shortcode qodef-m qodef-button qodef-button-font-373 qodef-layout--textual qodef-show-button-arrow--no qodef-link-only-arrow--no qodef-html--link\" href=\"http:\/\/galataperform.com\/events\/\" target=\"_self\"  style=\"margin: 30px 0 0 0\">\t<span class=\"qodef-btn-text\">All Dailies<\/span>\t<span class=\"qodef-btn-arrow\">\t\t<svg class=\"qodef-svg--button-arrow-standard\" xmlns=\"http:\/\/www.w3.org\/2000\/svg\" width=\"12.137\" height=\"14.802\" viewBox=\"0 0 12.137 14.802\"><g><path fill=\"currentColor\" d=\"M12.137 4.745v2.689L4.782 2.689V0Z\"\/><path fill=\"currentColor\" d=\"M12.137 10.057V7.368l-7.355 4.745v2.689Z\"\/><path fill=\"none\" stroke=\"currentColor\" d=\"M11.389 7.359H0\"\/><\/g><\/svg>\t<\/span><\/a>\t<\/div>\n\n<\/div>\n\t\t\t\t<\/div>\n\t\t\t\t<\/div>\n\t\t\t\t<\/div>\n\t\t<div class=\"elementor-element elementor-element-c678013 e-con-full e-flex e-con e-child\" data-id=\"c678013\" data-element_type=\"container\" data-e-type=\"container\">\n\t\t\t\t<div class=\"elementor-element elementor-element-b7dc34d elementor-widget elementor-widget-kahlo_core_blog_list\" data-id=\"b7dc34d\" data-element_type=\"widget\" data-e-type=\"widget\" data-widget_type=\"kahlo_core_blog_list.default\">\n\t\t\t\t<div class=\"elementor-widget-container\">\n\t\t\t\t\t<div class=\"qodef-shortcode qodef-m qodef-blog qodef--indent-slider-behavior qodef--enable-border-separator qodef-item-layout--classic qodef-grid qodef-swiper-container qodef-gutter--moderate qodef-col-num--2.5 qodef-item-layout--classic qodef-pagination--off qodef-responsive--predefined\" data-options=\"{&quot;spaceBetween&quot;:45,&quot;slidesPerView&quot;:2.5,&quot;loop&quot;:false,&quot;autoplay&quot;:false,&quot;speed&quot;:&quot;&quot;,&quot;speedAnimation&quot;:&quot;&quot;,&quot;slideAnimation&quot;:&quot;&quot;,&quot;direction&quot;:&quot;&quot;,&quot;centeredSlides&quot;:&quot;&quot;,&quot;sliderScroll&quot;:&quot;&quot;,&quot;loopedSlides&quot;:&quot;&quot;,&quot;hiddenSlides&quot;:&quot;&quot;,&quot;slidesPerView1512&quot;:2.5,&quot;slidesPerView1440&quot;:2.5,&quot;slidesPerView1366&quot;:2.5,&quot;slidesPerView1024&quot;:1.5,&quot;slidesPerView768&quot;:1.5,&quot;slidesPerView680&quot;:1.5,&quot;slidesPerView480&quot;:1.5}\">\n\t<div class=\"swiper-wrapper\">\n\t\t<article class=\"qodef-e qodef-blog-item swiper-slide  post-8478 post type-post status-publish format-standard has-post-thumbnail hentry category-artists category-design tag-photography\">\n\t<div class=\"qodef-e-inner\">\n        <div class=\"qodef-e-media\">\n\t\n    <div class=\"qodef-image-date\">\n        <div itemprop=\"dateCreated\" class=\"qodef-e-info-item qodef-e-info-custom-date entry-date \">\n            <a class=\"qodef-short-date\" itemprop=\"url\" href=\"http:\/\/galataperform.com\/en\/2023\/00\/\">\n            <span class=\"qodef-e-info-date-day\">\n                07.\n            <\/span>\n            <span class=\"qodef-e-info-date-month\">\n                Jun            <\/span>\n        <\/a>\n    <\/div>\n    <\/div>\n\t<div class=\"qodef-e-media-image\">\n\t\t\t\t\t<a itemprop=\"url\" href=\"http:\/\/galataperform.com\/en\/aksak-delirium-march-12-first-reading-first-encounter\/\">\n                                    <img decoding=\"async\" width=\"800\" height=\"588\" src=\"http:\/\/galataperform.com\/wp-content\/uploads\/2023\/06\/gunluk-anasayfagorseli.jpg\" class=\"attachment-full size-full\" alt=\"\" srcset=\"http:\/\/galataperform.com\/wp-content\/uploads\/2023\/06\/gunluk-anasayfagorseli.jpg 800w, http:\/\/galataperform.com\/wp-content\/uploads\/2023\/06\/gunluk-anasayfagorseli-300x221.jpg 300w, http:\/\/galataperform.com\/wp-content\/uploads\/2023\/06\/gunluk-anasayfagorseli-768x564.jpg 768w, http:\/\/galataperform.com\/wp-content\/uploads\/2023\/06\/gunluk-anasayfagorseli-600x441.jpg 600w\" sizes=\"(max-width: 800px) 100vw, 800px\" \/>\t\t\t                <\/a>\n\t\t        \t\t\t<\/div>\n    <div class=\"qodef-image-categories\">\n        <div class=\"qodef-e-post-categories\">\n    <a href=\"http:\/\/galataperform.com\/en\/category\/artists\/\" rel=\"tag\">Artists<\/a><span class=\"qodef-info-separator-single\"><\/span><a href=\"http:\/\/galataperform.com\/en\/category\/design\/\" rel=\"tag\">Design<\/a>    <div class=\"qodef-info-separator-end\"><\/div>\n<\/div>\n    <\/div>\n<\/div>\n\t\t<div class=\"qodef-e-content\">\n                        <div class=\"qodef-e-text\">\n                <h4 itemprop=\"name\" class=\"qodef-e-title entry-title\">\n\t\t\t<a itemprop=\"url\" class=\"qodef-e-title-link\" href=\"http:\/\/galataperform.com\/en\/aksak-delirium-march-12-first-reading-first-encounter\/\">\n\t\t\tAKSAK DELIRIUM \u2013 MARCH 12 \/ FIRST READING, FIRST ENCOUNTER\t\t\t<\/a>\n\t<\/h4>\n            <\/div>\n            <div class=\"qodef-e-bottom-holder\">\n                <a itemprop=\"author\" href=\"http:\/\/galataperform.com\/en\/author\/galataperform\/\" class=\"qodef-e-info-author\">\n\tgalataperform<\/a><div class=\"qodef-info-separator-end\"><\/div>\n            <\/div>\n\t\t<\/div>\n\t<\/div>\n<\/article>\n\t<\/div>\n        <\/div>\n\t\t\t\t<\/div>\n\t\t\t\t<\/div>\n\t\t\t\t<\/div>\n\t\t\t\t<\/div>\n\t\t\t\t<section class=\"elementor-section elementor-top-section elementor-element elementor-element-953a59b elementor-section-full_width elementor-section-height-default elementor-section-height-default\" data-id=\"953a59b\" data-element_type=\"section\" data-e-type=\"section\">\n\t\t\t\t\t\t<div class=\"elementor-container elementor-column-gap-default\">\n\t\t\t\t\t<div class=\"elementor-column elementor-col-100 elementor-top-column elementor-element elementor-element-5db58fc\" data-id=\"5db58fc\" data-element_type=\"column\" data-e-type=\"column\">\n\t\t\t<div class=\"elementor-widget-wrap elementor-element-populated\">\n\t\t\t\t\t\t<div class=\"elementor-element elementor-element-ea1ace4 elementor-widget elementor-widget-kahlo_core_separator\" data-id=\"ea1ace4\" data-element_type=\"widget\" data-e-type=\"widget\" data-widget_type=\"kahlo_core_separator.default\">\n\t\t\t\t<div class=\"elementor-widget-container\">\n\t\t\t\t\t<div class=\"qodef-shortcode qodef-m qodef-separator clear qodef-separator-custom-429 qodef-show--yes qodef-show-1600--yes qodef-show-1440--yes qodef-show-1366--yes qodef-show-1280--yes qodef-show-1024--yes qodef-show-768--yes qodef-show-680--yes qodef-show-480--yes\">\n\t<div class=\"qodef-m-line\" ><\/div>\n<\/div>\n\t\t\t\t<\/div>\n\t\t\t\t<\/div>\n\t\t\t\t\t<\/div>\n\t\t<\/div>\n\t\t\t\t\t<\/div>\n\t\t<\/section>\n\t\t\t\t<\/div>\n\t\t","protected":false},"excerpt":{"rendered":"<p>Upcoming Activities 24. Haz 24. Haz 22. Tem. 2026 19.30 &#8211; 22.00 Bilin\u00e7alt\u0131ndan Ka\u011f\u0131da, Ka\u011f\u0131ttan Oyuna Lab Oyun Yazarl\u0131\u011f\u0131 Her derste farkl\u0131 egzersizler ve yarat\u0131c\u0131l\u0131k \u00fczerine pratik \u00e7al\u0131\u015fmalar i\u00e7eren \u00e7evrimi\u00e7i at\u00f6lye, \u00d6zsoy\u2019un otomatik yaz\u0131m, fark\u0131ndal\u0131k, bilin\u00e7 ak\u0131\u015f\u0131 ve Eric Morris oyun Lab Oyun Yazarl\u0131\u011f\u0131 Her derste farkl\u0131 egzersizler ve yarat\u0131c\u0131l\u0131k \u00fczerine pratik \u00e7al\u0131\u015fmalar i\u00e7eren \u00e7evrimi\u00e7i [&hellip;]<\/p>\n","protected":false},"author":1,"featured_media":6751,"parent":0,"menu_order":0,"comment_status":"closed","ping_status":"closed","template":"page-full-width.php","meta":{"footnotes":""},"class_list":["post-6752","page","type-page","status-publish","has-post-thumbnail","hentry"],"_links":{"self":[{"href":"http:\/\/galataperform.com\/en\/wp-json\/wp\/v2\/pages\/6752","targetHints":{"allow":["GET"]}}],"collection":[{"href":"http:\/\/galataperform.com\/en\/wp-json\/wp\/v2\/pages"}],"about":[{"href":"http:\/\/galataperform.com\/en\/wp-json\/wp\/v2\/types\/page"}],"author":[{"embeddable":true,"href":"http:\/\/galataperform.com\/en\/wp-json\/wp\/v2\/users\/1"}],"replies":[{"embeddable":true,"href":"http:\/\/galataperform.com\/en\/wp-json\/wp\/v2\/comments?post=6752"}],"version-history":[{"count":27,"href":"http:\/\/galataperform.com\/en\/wp-json\/wp\/v2\/pages\/6752\/revisions"}],"predecessor-version":[{"id":8874,"href":"http:\/\/galataperform.com\/en\/wp-json\/wp\/v2\/pages\/6752\/revisions\/8874"}],"wp:featuredmedia":[{"embeddable":true,"href":"http:\/\/galataperform.com\/en\/wp-json\/wp\/v2\/media\/6751"}],"wp:attachment":[{"href":"http:\/\/galataperform.com\/en\/wp-json\/wp\/v2\/media?parent=6752"}],"curies":[{"name":"wp","href":"https:\/\/api.w.org\/{rel}","templated":true}]}}