{"id":9595,"date":"2026-04-16T19:24:36","date_gmt":"2026-04-16T16:24:36","guid":{"rendered":"https:\/\/galataperform.com\/our-team\/"},"modified":"2026-04-20T21:20:26","modified_gmt":"2026-04-20T18:20:26","slug":"our-team","status":"publish","type":"page","link":"https:\/\/galataperform.com\/en\/our-team\/","title":{"rendered":"Our Team"},"content":{"rendered":"\t\t<div data-elementor-type=\"wp-page\" data-elementor-id=\"9595\" class=\"elementor elementor-9595 elementor-9586\">\n\t\t\t\t<div class=\"elementor-element elementor-element-abcd58e e-con-full e-flex e-con e-parent\" data-id=\"abcd58e\" data-element_type=\"container\" data-e-type=\"container\">\n\t\t\t\t<div class=\"elementor-element elementor-element-423e9a3 elementor-widget__width-initial elementor-widget-tablet__width-inherit elementor-widget elementor-widget-kahlo_core_section_title\" data-id=\"423e9a3\" data-element_type=\"widget\" data-e-type=\"widget\" data-widget_type=\"kahlo_core_section_title.default\">\n\t\t\t\t<div class=\"elementor-widget-container\">\n\t\t\t\t\t<div class=\"qodef-shortcode qodef-m qodef-section-title qodef-alignment--center\">\n\t\t<h1 class=\"qodef-m-title\" >\n\t\t\t\t\tOur Team\t\t\t<\/h1>\n\t    \n<\/div>\n\t\t\t\t<\/div>\n\t\t\t\t<\/div>\n\t\t\t\t<\/div>\n\t\t<div class=\"elementor-element elementor-element-2eb816a e-con-full e-flex e-con e-parent\" data-id=\"2eb816a\" data-element_type=\"container\" data-e-type=\"container\">\n\t\t<div class=\"elementor-element elementor-element-c858df3 e-con-full e-flex e-con e-child\" data-id=\"c858df3\" data-element_type=\"container\" data-e-type=\"container\">\n\t\t\t\t<div class=\"elementor-element elementor-element-aacaf9d elementor-widget elementor-widget-text-editor\" data-id=\"aacaf9d\" data-element_type=\"widget\" data-e-type=\"widget\" data-widget_type=\"text-editor.default\">\n\t\t\t\t\t\t\t\t\t<p style=\"font-weight: 400;\"><strong>General Artistic Director:<\/strong> Ye\u015fim \u00d6zsoy<\/p><p style=\"font-weight: 400;\"><strong>General Coordination &amp; Communications:<\/strong> Ay\u015fe Devecio\u011flu, Fisun E\u015fki<\/p><p style=\"font-weight: 400;\"><strong>Production &amp; Management Assistant:<\/strong> Furkan G\u00fcder<\/p><p style=\"font-weight: 400;\"><strong>Visual Design:<\/strong> Aleyna \u00c7olak<\/p><p style=\"font-weight: 400;\"><strong>Finance and Accounting:<\/strong> Oktay Karako\u00e7<\/p><p style=\"font-weight: 400;\"><strong>Law Consultant:<\/strong> Serhat Ko\u00e7<\/p><p style=\"font-weight: 400;\"><strong>New Text New Theatre Project Director:<\/strong> Ye\u015fim \u00d6zsoy<\/p><p style=\"font-weight: 400;\"><strong>New Text New Theatre Instructors: <\/strong><span style=\"letter-spacing: -0.02em;\">Ahmet Sami \u00d6zbudak, Ay\u015fe Sedef Ayter, Emrah Eren, Erdem Av\u015far, Ferdi \u00c7etin, Mert \u00d6ner, Sanem \u00d6ge, Serkan Saliho\u011flu<\/span><\/p>\t\t\t\t\t\t\t\t<\/div>\n\t\t\t\t<\/div>\n\t\t\t\t<\/div>\n\t\t<div class=\"elementor-element elementor-element-62448ccd e-con-full e-flex e-con e-parent\" data-id=\"62448ccd\" data-element_type=\"container\" data-e-type=\"container\">\n\t\t<div class=\"elementor-element elementor-element-395f497c e-con-full e-flex e-con e-child\" data-id=\"395f497c\" data-element_type=\"container\" data-e-type=\"container\">\n\t\t\t\t<div class=\"elementor-element elementor-element-4dfce409 elementor-widget elementor-widget-image\" data-id=\"4dfce409\" data-element_type=\"widget\" data-e-type=\"widget\" data-widget_type=\"image.default\">\n\t\t\t\t\t\t\t\t\t\t\t\t\t\t\t\t<a href=\"\/en\/our-history\">\n\t\t\t\t\t\t\t<img fetchpriority=\"high\" decoding=\"async\" width=\"800\" height=\"621\" src=\"https:\/\/galataperform.com\/wp-content\/uploads\/2026\/03\/About-Header-Tarihce.jpg\" class=\"attachment-large size-large wp-image-8286\" alt=\"Our History\" srcset=\"https:\/\/galataperform.com\/wp-content\/uploads\/2026\/03\/About-Header-Tarihce.jpg 800w, https:\/\/galataperform.com\/wp-content\/uploads\/2026\/03\/About-Header-Tarihce-300x233.jpg 300w, https:\/\/galataperform.com\/wp-content\/uploads\/2026\/03\/About-Header-Tarihce-768x596.jpg 768w, https:\/\/galataperform.com\/wp-content\/uploads\/2026\/03\/About-Header-Tarihce-600x466.jpg 600w\" sizes=\"(max-width: 800px) 100vw, 800px\" \/>\t\t\t\t\t\t\t\t<\/a>\n\t\t\t\t\t\t\t\t\t\t\t\t\t\t\t<\/div>\n\t\t\t\t<div class=\"elementor-element elementor-element-4e95c249 elementor-widget elementor-widget-heading\" data-id=\"4e95c249\" data-element_type=\"widget\" data-e-type=\"widget\" data-widget_type=\"heading.default\">\n\t\t\t\t\t<h6 class=\"elementor-heading-title elementor-size-default\"><a href=\"\/history\">Our History<\/a><\/h6>\t\t\t\t<\/div>\n\t\t\t\t<\/div>\n\t\t<div class=\"elementor-element elementor-element-35d01dcd e-con-full e-flex e-con e-child\" data-id=\"35d01dcd\" data-element_type=\"container\" data-e-type=\"container\">\n\t\t\t\t<div class=\"elementor-element elementor-element-1af52a63 elementor-widget elementor-widget-image\" data-id=\"1af52a63\" data-element_type=\"widget\" data-e-type=\"widget\" data-widget_type=\"image.default\">\n\t\t\t\t\t\t\t\t\t\t\t\t\t\t\t\t<a href=\"\/en\/lab\/\">\n\t\t\t\t\t\t\t<img decoding=\"async\" width=\"800\" height=\"621\" src=\"https:\/\/galataperform.com\/wp-content\/uploads\/2026\/03\/lab-header-2.jpg\" class=\"attachment-large size-large wp-image-8290\" alt=\"Lab\" srcset=\"https:\/\/galataperform.com\/wp-content\/uploads\/2026\/03\/lab-header-2.jpg 800w, https:\/\/galataperform.com\/wp-content\/uploads\/2026\/03\/lab-header-2-300x233.jpg 300w, https:\/\/galataperform.com\/wp-content\/uploads\/2026\/03\/lab-header-2-768x596.jpg 768w, https:\/\/galataperform.com\/wp-content\/uploads\/2026\/03\/lab-header-2-600x466.jpg 600w\" sizes=\"(max-width: 800px) 100vw, 800px\" \/>\t\t\t\t\t\t\t\t<\/a>\n\t\t\t\t\t\t\t\t\t\t\t\t\t\t\t<\/div>\n\t\t\t\t<div class=\"elementor-element elementor-element-1eab3153 elementor-widget elementor-widget-heading\" data-id=\"1eab3153\" data-element_type=\"widget\" data-e-type=\"widget\" data-widget_type=\"heading.default\">\n\t\t\t\t\t<h6 class=\"elementor-heading-title elementor-size-default\"><a href=\"https:\/\/galataperform.com\/en\/about-lab\/\">LAB<\/a><\/h6>\t\t\t\t<\/div>\n\t\t\t\t<\/div>\n\t\t<div class=\"elementor-element elementor-element-7e9fdaba e-con-full e-flex e-con e-child\" data-id=\"7e9fdaba\" data-element_type=\"container\" data-e-type=\"container\">\n\t\t\t\t<div class=\"elementor-element elementor-element-d44497 elementor-widget elementor-widget-image\" data-id=\"d44497\" data-element_type=\"widget\" data-e-type=\"widget\" data-widget_type=\"image.default\">\n\t\t\t\t\t\t\t\t\t\t\t\t\t\t\t\t<a href=\"\/en\/our-team\">\n\t\t\t\t\t\t\t<img decoding=\"async\" width=\"608\" height=\"471\" src=\"https:\/\/galataperform.com\/wp-content\/uploads\/2026\/03\/ekip-kutucuk-gorseli.jpg\" class=\"attachment-large size-large wp-image-9676\" alt=\"Team\" srcset=\"https:\/\/galataperform.com\/wp-content\/uploads\/2026\/03\/ekip-kutucuk-gorseli.jpg 608w, https:\/\/galataperform.com\/wp-content\/uploads\/2026\/03\/ekip-kutucuk-gorseli-300x232.jpg 300w, https:\/\/galataperform.com\/wp-content\/uploads\/2026\/03\/ekip-kutucuk-gorseli-600x465.jpg 600w\" sizes=\"(max-width: 608px) 100vw, 608px\" \/>\t\t\t\t\t\t\t\t<\/a>\n\t\t\t\t\t\t\t\t\t\t\t\t\t\t\t<\/div>\n\t\t\t\t<div class=\"elementor-element elementor-element-2ed3d0b elementor-widget elementor-widget-heading\" data-id=\"2ed3d0b\" data-element_type=\"widget\" data-e-type=\"widget\" data-widget_type=\"heading.default\">\n\t\t\t\t\t<h6 class=\"elementor-heading-title elementor-size-default\"><a href=\"https:\/\/galataperform.com\/en\/lab\/\">Our Team<\/a><\/h6>\t\t\t\t<\/div>\n\t\t\t\t<\/div>\n\t\t<div class=\"elementor-element elementor-element-290d930c e-con-full e-flex e-con e-child\" data-id=\"290d930c\" data-element_type=\"container\" data-e-type=\"container\">\n\t\t\t\t<div class=\"elementor-element elementor-element-65376d0b elementor-widget elementor-widget-image\" data-id=\"65376d0b\" data-element_type=\"widget\" data-e-type=\"widget\" data-widget_type=\"image.default\">\n\t\t\t\t\t\t\t\t\t\t\t\t\t\t\t\t<a href=\"\/en\/collaborations\/\">\n\t\t\t\t\t\t\t<img loading=\"lazy\" decoding=\"async\" width=\"800\" height=\"621\" src=\"https:\/\/galataperform.com\/wp-content\/uploads\/2026\/03\/isbirlikleri-header-2.jpg\" class=\"attachment-large size-large wp-image-8291\" alt=\"Collaborations\" srcset=\"https:\/\/galataperform.com\/wp-content\/uploads\/2026\/03\/isbirlikleri-header-2.jpg 800w, https:\/\/galataperform.com\/wp-content\/uploads\/2026\/03\/isbirlikleri-header-2-300x233.jpg 300w, https:\/\/galataperform.com\/wp-content\/uploads\/2026\/03\/isbirlikleri-header-2-768x596.jpg 768w, https:\/\/galataperform.com\/wp-content\/uploads\/2026\/03\/isbirlikleri-header-2-600x466.jpg 600w\" sizes=\"(max-width: 800px) 100vw, 800px\" \/>\t\t\t\t\t\t\t\t<\/a>\n\t\t\t\t\t\t\t\t\t\t\t\t\t\t\t<\/div>\n\t\t\t\t<div class=\"elementor-element elementor-element-e7b66cb elementor-widget elementor-widget-heading\" data-id=\"e7b66cb\" data-element_type=\"widget\" data-e-type=\"widget\" data-widget_type=\"heading.default\">\n\t\t\t\t\t<h6 class=\"elementor-heading-title elementor-size-default\"><a href=\"https:\/\/galataperform.com\/en\/collaborations\/\">Collaborations<\/a><\/h6>\t\t\t\t<\/div>\n\t\t\t\t<\/div>\n\t\t<div class=\"elementor-element elementor-element-538146f e-con-full e-flex e-con e-child\" data-id=\"538146f\" data-element_type=\"container\" data-e-type=\"container\">\n\t\t\t\t<div class=\"elementor-element elementor-element-50feb4de elementor-widget elementor-widget-image\" data-id=\"50feb4de\" data-element_type=\"widget\" data-e-type=\"widget\" data-widget_type=\"image.default\">\n\t\t\t\t\t\t\t\t\t\t\t\t\t\t\t\t<a href=\"\/en\/yesim-ozsoy\/\" target=\"_blank\">\n\t\t\t\t\t\t\t<img loading=\"lazy\" decoding=\"async\" width=\"800\" height=\"621\" src=\"https:\/\/galataperform.com\/wp-content\/uploads\/2026\/03\/yesimozsoy-header-2.jpg\" class=\"attachment-large size-large wp-image-8292\" alt=\"Ye\u015fim \u00d6zsoy\" srcset=\"https:\/\/galataperform.com\/wp-content\/uploads\/2026\/03\/yesimozsoy-header-2.jpg 800w, https:\/\/galataperform.com\/wp-content\/uploads\/2026\/03\/yesimozsoy-header-2-300x233.jpg 300w, https:\/\/galataperform.com\/wp-content\/uploads\/2026\/03\/yesimozsoy-header-2-768x596.jpg 768w, https:\/\/galataperform.com\/wp-content\/uploads\/2026\/03\/yesimozsoy-header-2-600x466.jpg 600w\" sizes=\"(max-width: 800px) 100vw, 800px\" \/>\t\t\t\t\t\t\t\t<\/a>\n\t\t\t\t\t\t\t\t\t\t\t\t\t\t\t<\/div>\n\t\t\t\t<div class=\"elementor-element elementor-element-50070869 elementor-widget elementor-widget-heading\" data-id=\"50070869\" data-element_type=\"widget\" data-e-type=\"widget\" data-widget_type=\"heading.default\">\n\t\t\t\t\t<h6 class=\"elementor-heading-title elementor-size-default\"><a href=\"https:\/\/galataperform.com\/en\/about-us\/\">Ye\u015fim \u00d6zsoy<\/a><\/h6>\t\t\t\t<\/div>\n\t\t\t\t<\/div>\n\t\t\t\t<\/div>\n\t\t\t\t<\/div>\n\t\t","protected":false},"excerpt":{"rendered":"<p>Our Team General Artistic Director: Ye\u015fim \u00d6zsoy General Coordination &amp; Communications: Ay\u015fe Devecio\u011flu, Fisun E\u015fki Production &amp; Management Assistant: Furkan G\u00fcder Visual Design: Aleyna \u00c7olak Finance and Accounting: Oktay Karako\u00e7 Law Consultant: Serhat Ko\u00e7 New Text New Theatre Project Director: Ye\u015fim \u00d6zsoy New Text New Theatre Instructors: Ahmet Sami \u00d6zbudak, Ay\u015fe Sedef Ayter, Emrah Eren, [&hellip;]<\/p>\n","protected":false},"author":1,"featured_media":0,"parent":0,"menu_order":0,"comment_status":"closed","ping_status":"closed","template":"page-full-width.php","meta":{"footnotes":""},"class_list":["post-9595","page","type-page","status-publish","hentry"],"_links":{"self":[{"href":"https:\/\/galataperform.com\/en\/wp-json\/wp\/v2\/pages\/9595","targetHints":{"allow":["GET"]}}],"collection":[{"href":"https:\/\/galataperform.com\/en\/wp-json\/wp\/v2\/pages"}],"about":[{"href":"https:\/\/galataperform.com\/en\/wp-json\/wp\/v2\/types\/page"}],"author":[{"embeddable":true,"href":"https:\/\/galataperform.com\/en\/wp-json\/wp\/v2\/users\/1"}],"replies":[{"embeddable":true,"href":"https:\/\/galataperform.com\/en\/wp-json\/wp\/v2\/comments?post=9595"}],"version-history":[{"count":16,"href":"https:\/\/galataperform.com\/en\/wp-json\/wp\/v2\/pages\/9595\/revisions"}],"predecessor-version":[{"id":9865,"href":"https:\/\/galataperform.com\/en\/wp-json\/wp\/v2\/pages\/9595\/revisions\/9865"}],"wp:attachment":[{"href":"https:\/\/galataperform.com\/en\/wp-json\/wp\/v2\/media?parent=9595"}],"curies":[{"name":"wp","href":"https:\/\/api.w.org\/{rel}","templated":true}]}}