{"id":9760,"date":"2026-03-24T19:39:42","date_gmt":"2026-03-24T16:39:42","guid":{"rendered":"https:\/\/galataperform.com\/yesim-ozsoy\/"},"modified":"2026-04-20T21:23:23","modified_gmt":"2026-04-20T18:23:23","slug":"yesim-ozsoy","status":"publish","type":"page","link":"https:\/\/galataperform.com\/en\/yesim-ozsoy\/","title":{"rendered":"Ye\u015fim \u00d6zsoy"},"content":{"rendered":"\t\t<div data-elementor-type=\"wp-page\" data-elementor-id=\"9760\" class=\"elementor elementor-9760 elementor-7839\">\n\t\t\t\t<div class=\"elementor-element elementor-element-abcd58e e-con-full e-flex e-con e-parent\" data-id=\"abcd58e\" data-element_type=\"container\" data-e-type=\"container\">\n\t\t\t\t<div class=\"elementor-element elementor-element-423e9a3 elementor-widget__width-initial elementor-widget-tablet__width-inherit elementor-widget elementor-widget-kahlo_core_section_title\" data-id=\"423e9a3\" data-element_type=\"widget\" data-e-type=\"widget\" data-widget_type=\"kahlo_core_section_title.default\">\n\t\t\t\t<div class=\"elementor-widget-container\">\n\t\t\t\t\t<div class=\"qodef-shortcode qodef-m qodef-section-title qodef-alignment--center\">\n\t\t<h1 class=\"qodef-m-title\" >\n\t\t\t\t\tYe\u015fim \u00d6zsoy\t\t\t<\/h1>\n\t    \n<\/div>\n\t\t\t\t<\/div>\n\t\t\t\t<\/div>\n\t\t\t\t<\/div>\n\t\t<div class=\"elementor-element elementor-element-2eb816a e-con-full e-flex e-con e-parent\" data-id=\"2eb816a\" data-element_type=\"container\" data-e-type=\"container\">\n\t\t<div class=\"elementor-element elementor-element-4223bad e-con-full e-flex e-con e-child\" data-id=\"4223bad\" data-element_type=\"container\" data-e-type=\"container\">\n\t\t\t\t<div class=\"elementor-element elementor-element-0ec35cc elementor-widget elementor-widget-kahlo_core_single_image\" data-id=\"0ec35cc\" data-element_type=\"widget\" data-e-type=\"widget\" data-widget_type=\"kahlo_core_single_image.default\">\n\t\t\t\t<div class=\"elementor-widget-container\">\n\t\t\t\t\t<div class=\"qodef-shortcode qodef-m qodef-single-image qodef-layout--default\">\n\t\t\t<div class=\"qodef-m-image\">\n\t\t\t\t\t\t\t\t<img fetchpriority=\"high\" decoding=\"async\" width=\"800\" height=\"620\" src=\"https:\/\/galataperform.com\/wp-content\/uploads\/2026\/03\/Yesim-Ozsoy-bio.jpg\" class=\"attachment-full size-full\" alt=\"Ye\u015fim \u00d6zsoy\" srcset=\"https:\/\/galataperform.com\/wp-content\/uploads\/2026\/03\/Yesim-Ozsoy-bio.jpg 800w, https:\/\/galataperform.com\/wp-content\/uploads\/2026\/03\/Yesim-Ozsoy-bio-300x233.jpg 300w, https:\/\/galataperform.com\/wp-content\/uploads\/2026\/03\/Yesim-Ozsoy-bio-768x595.jpg 768w, https:\/\/galataperform.com\/wp-content\/uploads\/2026\/03\/Yesim-Ozsoy-bio-600x465.jpg 600w\" sizes=\"(max-width: 800px) 100vw, 800px\" \/>\t\t\t\t\t\t\t<\/div>\n\t<\/div>\n\t\t\t\t<\/div>\n\t\t\t\t<\/div>\n\t\t\t\t<\/div>\n\t\t<div class=\"elementor-element elementor-element-c858df3 e-con-full e-flex e-con e-child\" data-id=\"c858df3\" data-element_type=\"container\" data-e-type=\"container\">\n\t\t\t\t<div class=\"elementor-element elementor-element-aacaf9d elementor-widget elementor-widget-text-editor\" data-id=\"aacaf9d\" data-element_type=\"widget\" data-e-type=\"widget\" data-widget_type=\"text-editor.default\">\n\t\t\t\t\t\t\t\t\t<p>Writer, director, and actor Ye\u015fim \u00d6zsoy is the founder and artistic director of GalataPerform, as well as the founding director of the New Text New Theatre project, its workshops, and festival. She began her career in theatre in Istanbul by teaching and acting at St\u00fcdyo Oyuncular\u0131, and later continued her work in New York, staging her plays at her own theatre in the off-off Broadway scene.<\/p><p>Since 2001, she has been writing, directing, and staging her own plays under GalataPerform in Istanbul, which she has developed with an independent and international perspective. Her plays have been translated into Italian, French, German, Catalan, Portuguese, and English, and have been staged both in Turkey and internationally. <\/p><p>She continues to lead the New Text New Theatre Project, which has been ongoing since 2006, and organizes workshops, festivals, publications, and events in the field of contemporary theatre in Istanbul.<\/p><p>In 2010, she was invited by the Wiesbaden State Theatre to write and direct a play. Her Afife Award-winning play <em>Limping Tales<\/em> from Istanbul was staged in Catalan at the GREC Festival in Barcelona in 2017, marking the first time a Turkish playwright\u2019s work was included in the festival\u2019s program.<\/p><p>In 2018, <em>House of Hundred<\/em>, which she wrote, directed, and staged, was realized as a co-production with Maxim Gorki Theatre in Germany and Theatre Neumarkt in Switzerland. In 2019, the play was listed by <em>The Guardian<\/em> among the \u201cTop 10 Plays You Should See.\u201d <\/p><p>In 2021, her screenplay <em>Truth and Other Blindspots<\/em>, co-written with Melisa \u00d6nel and Melisa \u00dcneri, received first prize in the Nem TV Screenwriting Competition.<\/p><p>Her recent play <em>Sand Lilies<\/em> was staged as a Zorlu PSM Studio production.<\/p><p>Between 2023 and 2025, as part of a Playwriting Program developed with Portugal, her play <em>Aksak Delirium<\/em> was translated into Portuguese and English; it was presented as a staged reading in collaboration with Porto State Theatre and A Turma, and published in Portuguese.<\/p><p><a href=\"https:\/\/yesimozsoy.com\" target=\"_blank\" rel=\"noopener\">yesimozsoy.com<\/a><\/p>\t\t\t\t\t\t\t\t<\/div>\n\t\t\t\t<\/div>\n\t\t\t\t<\/div>\n\t\t<div class=\"elementor-element elementor-element-13e1f643 e-con-full e-flex e-con e-parent\" data-id=\"13e1f643\" data-element_type=\"container\" data-e-type=\"container\">\n\t\t<div class=\"elementor-element elementor-element-75b07107 e-con-full e-flex e-con e-child\" data-id=\"75b07107\" data-element_type=\"container\" data-e-type=\"container\">\n\t\t\t\t<div class=\"elementor-element elementor-element-5db350ba elementor-widget elementor-widget-image\" data-id=\"5db350ba\" data-element_type=\"widget\" data-e-type=\"widget\" data-widget_type=\"image.default\">\n\t\t\t\t\t\t\t\t\t\t\t\t\t\t\t\t<a href=\"https:\/\/galataperform.com\/en\/our-history\/\">\n\t\t\t\t\t\t\t<img decoding=\"async\" width=\"800\" height=\"621\" src=\"https:\/\/galataperform.com\/wp-content\/uploads\/2026\/03\/About-Header-Tarihce.jpg\" class=\"attachment-large size-large wp-image-8286\" alt=\"Our History\" srcset=\"https:\/\/galataperform.com\/wp-content\/uploads\/2026\/03\/About-Header-Tarihce.jpg 800w, https:\/\/galataperform.com\/wp-content\/uploads\/2026\/03\/About-Header-Tarihce-300x233.jpg 300w, https:\/\/galataperform.com\/wp-content\/uploads\/2026\/03\/About-Header-Tarihce-768x596.jpg 768w, https:\/\/galataperform.com\/wp-content\/uploads\/2026\/03\/About-Header-Tarihce-600x466.jpg 600w\" sizes=\"(max-width: 800px) 100vw, 800px\" \/>\t\t\t\t\t\t\t\t<\/a>\n\t\t\t\t\t\t\t\t\t\t\t\t\t\t\t<\/div>\n\t\t\t\t<div class=\"elementor-element elementor-element-5a9cbef0 elementor-widget elementor-widget-heading\" data-id=\"5a9cbef0\" data-element_type=\"widget\" data-e-type=\"widget\" data-widget_type=\"heading.default\">\n\t\t\t\t\t<h6 class=\"elementor-heading-title elementor-size-default\"><a href=\"https:\/\/galataperform.com\/en\/our-history\/\">Our History<\/a><\/h6>\t\t\t\t<\/div>\n\t\t\t\t<\/div>\n\t\t<div class=\"elementor-element elementor-element-7da25c84 e-con-full e-flex e-con e-child\" data-id=\"7da25c84\" data-element_type=\"container\" data-e-type=\"container\">\n\t\t\t\t<div class=\"elementor-element elementor-element-522dfbca elementor-widget elementor-widget-image\" data-id=\"522dfbca\" data-element_type=\"widget\" data-e-type=\"widget\" data-widget_type=\"image.default\">\n\t\t\t\t\t\t\t\t\t\t\t\t\t\t\t\t<a href=\"\/en\/lab\/\">\n\t\t\t\t\t\t\t<img decoding=\"async\" width=\"800\" height=\"621\" src=\"https:\/\/galataperform.com\/wp-content\/uploads\/2026\/03\/lab-header-2.jpg\" class=\"attachment-large size-large wp-image-8290\" alt=\"Lab\" srcset=\"https:\/\/galataperform.com\/wp-content\/uploads\/2026\/03\/lab-header-2.jpg 800w, https:\/\/galataperform.com\/wp-content\/uploads\/2026\/03\/lab-header-2-300x233.jpg 300w, https:\/\/galataperform.com\/wp-content\/uploads\/2026\/03\/lab-header-2-768x596.jpg 768w, https:\/\/galataperform.com\/wp-content\/uploads\/2026\/03\/lab-header-2-600x466.jpg 600w\" sizes=\"(max-width: 800px) 100vw, 800px\" \/>\t\t\t\t\t\t\t\t<\/a>\n\t\t\t\t\t\t\t\t\t\t\t\t\t\t\t<\/div>\n\t\t\t\t<div class=\"elementor-element elementor-element-7fece07c elementor-widget elementor-widget-heading\" data-id=\"7fece07c\" data-element_type=\"widget\" data-e-type=\"widget\" data-widget_type=\"heading.default\">\n\t\t\t\t\t<h6 class=\"elementor-heading-title elementor-size-default\"><a href=\"https:\/\/galataperform.com\/en\/lab\/\">LAB<\/a><\/h6>\t\t\t\t<\/div>\n\t\t\t\t<\/div>\n\t\t<div class=\"elementor-element elementor-element-3b694189 e-con-full e-flex e-con e-child\" data-id=\"3b694189\" data-element_type=\"container\" data-e-type=\"container\">\n\t\t\t\t<div class=\"elementor-element elementor-element-23026cee elementor-widget elementor-widget-image\" data-id=\"23026cee\" data-element_type=\"widget\" data-e-type=\"widget\" data-widget_type=\"image.default\">\n\t\t\t\t\t\t\t\t\t\t\t\t\t\t\t\t<a href=\"https:\/\/galataperform.com\/en\/our-team\/\">\n\t\t\t\t\t\t\t<img loading=\"lazy\" decoding=\"async\" width=\"608\" height=\"471\" src=\"https:\/\/galataperform.com\/wp-content\/uploads\/2026\/03\/ekip-kutucuk-gorseli.jpg\" class=\"attachment-large size-large wp-image-9676\" alt=\"Team\" srcset=\"https:\/\/galataperform.com\/wp-content\/uploads\/2026\/03\/ekip-kutucuk-gorseli.jpg 608w, https:\/\/galataperform.com\/wp-content\/uploads\/2026\/03\/ekip-kutucuk-gorseli-300x232.jpg 300w, https:\/\/galataperform.com\/wp-content\/uploads\/2026\/03\/ekip-kutucuk-gorseli-600x465.jpg 600w\" sizes=\"(max-width: 608px) 100vw, 608px\" \/>\t\t\t\t\t\t\t\t<\/a>\n\t\t\t\t\t\t\t\t\t\t\t\t\t\t\t<\/div>\n\t\t\t\t<div class=\"elementor-element elementor-element-2910f426 elementor-widget elementor-widget-heading\" data-id=\"2910f426\" data-element_type=\"widget\" data-e-type=\"widget\" data-widget_type=\"heading.default\">\n\t\t\t\t\t<h6 class=\"elementor-heading-title elementor-size-default\"><a href=\"https:\/\/galataperform.com\/en\/lab\/\">Team<\/a><\/h6>\t\t\t\t<\/div>\n\t\t\t\t<\/div>\n\t\t<div class=\"elementor-element elementor-element-12888065 e-con-full e-flex e-con e-child\" data-id=\"12888065\" data-element_type=\"container\" data-e-type=\"container\">\n\t\t\t\t<div class=\"elementor-element elementor-element-3f806554 elementor-widget elementor-widget-image\" data-id=\"3f806554\" data-element_type=\"widget\" data-e-type=\"widget\" data-widget_type=\"image.default\">\n\t\t\t\t\t\t\t\t\t\t\t\t\t\t\t\t<a href=\"https:\/\/galataperform.com\/en\/collaborations\/\">\n\t\t\t\t\t\t\t<img loading=\"lazy\" decoding=\"async\" width=\"800\" height=\"621\" src=\"https:\/\/galataperform.com\/wp-content\/uploads\/2026\/03\/isbirlikleri-header-2.jpg\" class=\"attachment-large size-large wp-image-8291\" alt=\"Collaborations\" srcset=\"https:\/\/galataperform.com\/wp-content\/uploads\/2026\/03\/isbirlikleri-header-2.jpg 800w, https:\/\/galataperform.com\/wp-content\/uploads\/2026\/03\/isbirlikleri-header-2-300x233.jpg 300w, https:\/\/galataperform.com\/wp-content\/uploads\/2026\/03\/isbirlikleri-header-2-768x596.jpg 768w, https:\/\/galataperform.com\/wp-content\/uploads\/2026\/03\/isbirlikleri-header-2-600x466.jpg 600w\" sizes=\"(max-width: 800px) 100vw, 800px\" \/>\t\t\t\t\t\t\t\t<\/a>\n\t\t\t\t\t\t\t\t\t\t\t\t\t\t\t<\/div>\n\t\t\t\t<div class=\"elementor-element elementor-element-26c1dae5 elementor-widget elementor-widget-heading\" data-id=\"26c1dae5\" data-element_type=\"widget\" data-e-type=\"widget\" data-widget_type=\"heading.default\">\n\t\t\t\t\t<h6 class=\"elementor-heading-title elementor-size-default\"><a href=\"https:\/\/galataperform.com\/en\/collaborations\/\">Collaborations<\/a><\/h6>\t\t\t\t<\/div>\n\t\t\t\t<\/div>\n\t\t<div class=\"elementor-element elementor-element-21b8928d e-con-full e-flex e-con e-child\" data-id=\"21b8928d\" data-element_type=\"container\" data-e-type=\"container\">\n\t\t\t\t<div class=\"elementor-element elementor-element-32b6d8ad elementor-widget elementor-widget-image\" data-id=\"32b6d8ad\" data-element_type=\"widget\" data-e-type=\"widget\" data-widget_type=\"image.default\">\n\t\t\t\t\t\t\t\t\t\t\t\t\t\t\t\t<a href=\"https:\/\/galataperform.com\/en\/yesim-ozsoy\/\" target=\"_blank\">\n\t\t\t\t\t\t\t<img loading=\"lazy\" decoding=\"async\" width=\"800\" height=\"621\" src=\"https:\/\/galataperform.com\/wp-content\/uploads\/2026\/03\/yesimozsoy-header-2.jpg\" class=\"attachment-large size-large wp-image-8292\" alt=\"Ye\u015fim \u00d6zsoy\" srcset=\"https:\/\/galataperform.com\/wp-content\/uploads\/2026\/03\/yesimozsoy-header-2.jpg 800w, https:\/\/galataperform.com\/wp-content\/uploads\/2026\/03\/yesimozsoy-header-2-300x233.jpg 300w, https:\/\/galataperform.com\/wp-content\/uploads\/2026\/03\/yesimozsoy-header-2-768x596.jpg 768w, https:\/\/galataperform.com\/wp-content\/uploads\/2026\/03\/yesimozsoy-header-2-600x466.jpg 600w\" sizes=\"(max-width: 800px) 100vw, 800px\" \/>\t\t\t\t\t\t\t\t<\/a>\n\t\t\t\t\t\t\t\t\t\t\t\t\t\t\t<\/div>\n\t\t\t\t<div class=\"elementor-element elementor-element-2f221245 elementor-widget elementor-widget-heading\" data-id=\"2f221245\" data-element_type=\"widget\" data-e-type=\"widget\" data-widget_type=\"heading.default\">\n\t\t\t\t\t<h6 class=\"elementor-heading-title elementor-size-default\"><a href=\"https:\/\/galataperform.com\/en\/about-us\/\">Ye\u015fim \u00d6zsoy<\/a><\/h6>\t\t\t\t<\/div>\n\t\t\t\t<\/div>\n\t\t\t\t<\/div>\n\t\t\t\t<\/div>\n\t\t","protected":false},"excerpt":{"rendered":"<p>Ye\u015fim \u00d6zsoy Writer, director, and actor Ye\u015fim \u00d6zsoy is the founder and artistic director of GalataPerform, as well as the founding director of the New Text New Theatre project, its workshops, and festival. She began her career in theatre in Istanbul by teaching and acting at St\u00fcdyo Oyuncular\u0131, and later continued her work in New [&hellip;]<\/p>\n","protected":false},"author":1,"featured_media":0,"parent":0,"menu_order":0,"comment_status":"closed","ping_status":"closed","template":"page-full-width.php","meta":{"footnotes":""},"class_list":["post-9760","page","type-page","status-publish","hentry"],"_links":{"self":[{"href":"https:\/\/galataperform.com\/en\/wp-json\/wp\/v2\/pages\/9760","targetHints":{"allow":["GET"]}}],"collection":[{"href":"https:\/\/galataperform.com\/en\/wp-json\/wp\/v2\/pages"}],"about":[{"href":"https:\/\/galataperform.com\/en\/wp-json\/wp\/v2\/types\/page"}],"author":[{"embeddable":true,"href":"https:\/\/galataperform.com\/en\/wp-json\/wp\/v2\/users\/1"}],"replies":[{"embeddable":true,"href":"https:\/\/galataperform.com\/en\/wp-json\/wp\/v2\/comments?post=9760"}],"version-history":[{"count":6,"href":"https:\/\/galataperform.com\/en\/wp-json\/wp\/v2\/pages\/9760\/revisions"}],"predecessor-version":[{"id":9871,"href":"https:\/\/galataperform.com\/en\/wp-json\/wp\/v2\/pages\/9760\/revisions\/9871"}],"wp:attachment":[{"href":"https:\/\/galataperform.com\/en\/wp-json\/wp\/v2\/media?parent=9760"}],"curies":[{"name":"wp","href":"https:\/\/api.w.org\/{rel}","templated":true}]}}